{"id":35,"date":"2023-03-12T13:09:22","date_gmt":"2023-03-12T12:09:22","guid":{"rendered":"http:\/\/www.pomorskipzn.org.pl\/?page_id=35"},"modified":"2025-06-10T09:19:10","modified_gmt":"2025-06-10T07:19:10","slug":"o-nas","status":"publish","type":"page","link":"http:\/\/pomorskipzn.pl\/","title":{"rendered":"O nas"},"content":{"rendered":"\n<div id=\"main\" tabindex=\"-1\" style=\"position: relative;\"><\/div>\n\n\n\n<p>POLSKI ZWI\u0104ZEK NIEWIDOMYCH<br>OKR\u0118G POMORSKI<br>ORGANIZACJA PO\u017bYTKU PUBLICZNEGO<br>adres siedziby Okr\u0119gu<br>ul. Jesionowa 10<br>80-261 Gda\u0144sk<br>KRS 0000099691<br>konto: Bank Millenium<br>96 1160 2202 0000 0000 2787 7555<\/p>\n\n\n\n<div class=\"wp-block-group is-layout-constrained wp-block-group-is-layout-constrained\">\n<p>Polski Zwi\u0105zek Niewidomych jest najstarsz\u0105 organizacj\u0105 dzia\u0142aj\u0105c\u0105 na rzecz os\u00f3b niewidomych i s\u0142abowidz\u0105cych.<br>W naszym Okr\u0119gu zrzeszamy oko\u0142o 2,2 tys. os\u00f3b z orzeczonym znacznym lub umiarkowanym stopniem niepe\u0142nosprawno\u015bci ze wzgl\u0119du na wzrok. Mamy 18 jednostek terenowych na obszarze ca\u0142ego wojew\u00f3dztwa pomorskiego. Dzi\u0119ki temu nasi podopieczni maj\u0105 \u0142atwiejszy dost\u0119p i mog\u0105 za\u0142atwia\u0107 bie\u017c\u0105ce sprawy w pobli\u017cu miejsca zamieszkania. W ka\u017cdym kole terenowym dzia\u0142a zarz\u0105d wybrany spo\u015br\u00f3d spo\u0142eczno\u015bci lokalnej. S\u0105 to liderzy, kt\u00f3rzy dzia\u0142aj\u0105 na rzecz swojego ko\u0142a spo\u0142ecznie.<br>Zrzeszamy naszych podopiecznych w celu ich spo\u0142ecznej integracji, rehabilitacji, ochrony interes\u00f3w zawodowych, ekonomicznych i spo\u0142ecznych, przeciwdzia\u0142ania ich dyskryminacji. Zwi\u0105zek reprezentuje swych cz\u0142onk\u00f3w wobec organ\u00f3w naczelnych Pa\u0144stwa Polskiego, administracji rz\u0105dowej i samorz\u0105du terytorialnego oraz innych instytucji. Organizacja realizuje swoje zadania poprzez wsp\u00f3\u0142prac\u0119 z innymi organizacjami zrzeszaj\u0105cymi niewidomych lub dzia\u0142aj\u0105cymi na ich rzecz, zak\u0142adami pracy, ze stowarzyszeniami, fundacjami oraz osobami fizycznymi.<br>W biurze Okr\u0119gu zatrudniamy specjalistyczn\u0105 kadr\u0119 (rehabilitanta orientacji przestrzennej, rehabilitanta \u015brodowiskowego, tyflopedagoga) z du\u017cym do\u015bwiadczeniem.<br>Dzia\u0142alno\u015b\u0107 nasza pozwala na wyzwolenie aktywno\u015bci \u017cyciowej os\u00f3b niewidomych i s\u0142abo widz\u0105cych, organizowanie wzajemnej pomocy i wsp\u00f3lnego dzia\u0142ania na rzez s\u0142abszych kole\u017canek i koleg\u00f3w, tworzenie warunk\u00f3w rehabilitacji podstawowej, psychicznej i spo\u0142ecznej. Cele jakie sobie stawiamy to: prowadzenie oraz wsp\u00f3\u0142dzia\u0142anie w prowadzeniu rehabilitacji podstawowej, leczniczej, spo\u0142ecznej i zawodowej niewidomych poprzez organizowanie r\u00f3\u017cnych form rehabilitacji; prowadzenie poradnictwa z zakresu rehabilitacji, zatrudnienia, form kszta\u0142cenia, uprawnie\u0144, rozwi\u0105zywanie problem\u00f3w spo\u0142eczno-bytowych; organizowanie oraz wsp\u00f3\u0142dzia\u0142anie w organizowaniu r\u00f3\u017cnych form dzia\u0142alno\u015bci kulturalnej i artystycznej os\u00f3b niewidomych, a tak\u017ce sportu, turystyki i rekreacji; dzia\u0142anie na rzecz zatrudnienia niewidomych, pomoc w organizowaniu si\u0119 zawodowych \u015brodowisk niewidomych, organizowanie r\u00f3\u017cnych form kszta\u0142cenia i szkolenia zawodowego; prowadzenie szkole\u0144 i doskonalenie nauczycieli, instruktor\u00f3w rehabilitacji i innych os\u00f3b pracuj\u0105cych z niewidomymi.<br>Cele jakie sobie stawiamy to:<br>\u2022 prowadzenie oraz wsp\u00f3\u0142dzia\u0142anie w prowadzeniu rehabilitacji z podstawowej, leczniczej, spo\u0142ecznej i zawodowej niewidomych poprzez organizowanie r\u00f3\u017cnych form rehabilitacji;<br>\u2022 prowadzenie poradnictwa z zakresu rehabilitacji, zatrudnienia, form kszta\u0142cenia, uprawnie\u0144, rozwi\u0105zywanie problem\u00f3w spo\u0142eczno-bytowych; organizowanie oraz wsp\u00f3\u0142dzia\u0142anie w organizowaniu r\u00f3\u017cnych form dzia\u0142alno\u015bci kulturalnej i artystycznej os\u00f3b niewidomych, a tak\u017ce sportu turystyki i rekreacji;<br>\u2022 dzia\u0142anie na rzecz zatrudnienia niewidomych, pomoc w organizowaniu si\u0119 zawodowych \u015brodowisk niewidomych, organizowanie r\u00f3\u017cnych form kszta\u0142cenia i szkolenia zawodowego;<br>\u2022 prowadzenie szkole\u0144 i doskonalenie nauczycieli, instruktor\u00f3w rehabilitacji i innych os\u00f3b pracuj\u0105cych z niewidomymi.<br>W miar\u0119 mo\u017cliwo\u015bci organizujemy dla swoich podopiecznych:<br>\u2022 szkolenia indywidualne i grupowe z zakresu rehabilitacji podstawowej;<br>\u2022 spotkania kulturalne<br>\u2022 spotkania integracyjne;<br>\u2022 wyjazdy plenerowe;<br>\u2022 pikniki i festyny;<br>\u2022 wyj\u015bcia do kina, teatru, opery;<br>\u2022 spotkania \u015bwi\u0105teczne;<br>\u2022 szkolenia dla rodzic\u00f3w dzieci niewidomych;<br>\u2022 szkolenia dla os\u00f3b nowo przyj\u0119tych do PZN;<br>\u2022 pomoc w wype\u0142nianiu zeznania podatkowego PIT;<br>\u2022 udzielanie porad dotycz\u0105cych szeroko rozumianej problematyki os\u00f3b niewidz\u0105cych;<br>\u2022 szkolenia dla niewidomych diabetyk\u00f3w;<br>\u2022 szkolenia dla m\u0142odych os\u00f3b niewidomych.<br>Przyjmuj\u0105c nowego cz\u0142onka w szeregi PZN, nale\u017cy kierowa\u0107 si\u0119 przepisami statutu Polskiego Zwi\u0105zku Niewidomych.<\/p>\n\n\n\n<h3 class=\"wp-block-heading\">1. Kto mo\u017ce zosta\u0107 cz\u0142onkiem Polskiego Zwi\u0105zku Niewidomych<\/h3>\n\n\n\n<p>Cz\u0142onkiem zwyczajnym Polskiego zwi\u0105zku Niewidomych mo\u017ce by\u0107 osoba fizyczna, kt\u00f3ra uko\u0144czy\u0142a&nbsp;18 &nbsp;lat&nbsp;oraz ze wzgl\u0119du na stan wzroku zosta\u0142a uznana przez w\u0142a\u015bciwy zesp\u00f3\u0142 orzekaj\u0105cy za niepe\u0142nosprawn\u0105 w stopniu znacznym lub umiarkowanym&nbsp;z kodem O4-O, b\u0105d\u017a zosta\u0142a uznana przez inny organ orzekaj\u0105cy za&nbsp;ca\u0142kowicie niezdoln\u0105 do pracy, lub&nbsp;ca\u0142kowicie niezdoln\u0105 do pracy i samodzielnej egzystencji z tytu\u0142u wzroku.<br>Wa\u017cne orzeczenia o zaliczeniu do I lub II grupy inwalid\u00f3w z powodu stanu wzroku, wydane na podstawie przepis\u00f3w obowi\u0105zuj\u0105cych przed dniem 1 wrze\u015bnia 1997 r., tak\u017ce uprawniaj\u0105 do cz\u0142onkostwa w Zwi\u0105zku.<\/p>\n\n\n\n<p>Cz\u0142onkiem podopiecznym mo\u017ce by\u0107 osoba fizyczna: w wieku do lat&nbsp;18, kt\u00f3ra ze wzgl\u0119du na stan wzroku zosta\u0142a uznana przez w\u0142a\u015bciwy zesp\u00f3\u0142 orzekaj\u0105cy za niepe\u0142nosprawn\u0105 lub osoba, kt\u00f3ra uko\u0144czy\u0142a 18 lat i ze wzgl\u0119du na stan zdrowia nie mo\u017ce wype\u0142nia\u0107 obowi\u0105zk\u00f3w cz\u0142onka zwyczajnego. Cz\u0142onkom podopiecznym przys\u0142uguj\u0105 wszystkie uprawnienia z wyj\u0105tkiem czynnego i biernego prawa wyborczego.<\/p>\n\n\n\n<p>Cz\u0142onkiem zwyczajnym i podopiecznym zwi\u0105zku mo\u017ce by\u0107 r\u00f3wnie\u017c cudzoziemiec, o ile przebywa na sta\u0142e lub okresowo na terenie Polski i posiada stosowne orzeczenie.<\/p>\n\n\n\n<p>Cz\u0142onkiem nadzwyczajnym mo\u017ce by\u0107 osoba fizyczna dzia\u0142aj\u0105ca na zasadach wolontariatu na rzecz Zwi\u0105zku.<\/p>\n\n\n\n<p>Cz\u0142onkiem honorowym mo\u017ce by\u0107 osoba fizyczna zas\u0142u\u017cona w realizacji zada\u0144 statutowych Zwi\u0105zku.<\/p>\n\n\n\n<p>Kandydat na cz\u0142onka PZN, musi mie\u0107 udokumentowane uszkodzenie wzroku stosownym orzeczeniem. Za\u015bwiadczenie dotycz\u0105ce jednostki chorobowej czy mocy dioptrii w okularach nie stanowi\u0105 podstawy przyj\u0119cia do Zwi\u0105zku.<\/p>\n\n\n\n<div class=\"wp-block-group is-layout-constrained wp-block-group-is-layout-constrained\">\n<p>U dzieci poni\u017cej 16 roku \u017cycia nie orzeka si\u0119 stopnia niepe\u0142nosprawno\u015bci.<\/p>\n<\/div>\n\n\n\n<div class=\"wp-block-group is-layout-constrained wp-block-group-is-layout-constrained\">\n<h3 class=\"wp-block-heading\">2. Legitymacja PZN<\/h3>\n\n\n\n<p>Legitymacja Polskiego Zwi\u0105zku Niewidomych jest dokumentem potwierdzaj\u0105cym przynale\u017cno\u015b\u0107 cz\u0142onka PZN do organizacji.<\/p>\n\n\n\n<p>Polski Zwi\u0105zek Niewidomych wydaje legitymacje: cz\u0142onkom zwyczajnym oraz cz\u0142onkom podopiecznym. W legitymacji cz\u0142onka podopiecznego do lat 16 nie wpisuje si\u0119 stopnia niepe\u0142nosprawno\u015bci, a w legitymacji dziecka do lat 4 nie wymaga si\u0119 fotografii.<\/p>\n\n\n\n<h3 class=\"wp-block-heading\">3. Uprawnienia wynikaj\u0105ce z posiadania legitymacji PZN<\/h3>\n\n\n\n<p>Podstawowym uprawnieniem wynikaj\u0105cym z posiadania legitymacji PZN jest mo\u017cliwo\u015b\u0107 korzystania ze wszystkich form pomocy i wsparcia oferowanych przez Zwi\u0105zek. Ponadto legitymacja PZN jest dokumentem potwierdzaj\u0105cym prawo do korzystania z ulgowych przejazd\u00f3w komunikacj\u0105 miejsk\u0105, na terenie wielu miast w Polsce. Na przyk\u0142ad w Poznaniu osoby niewidome ze znacznym lub umiarkowanym stopniem niepe\u0142nosprawno\u015bci posiadaj\u0105ce legitymacj\u0119 PZN, maj\u0105 prawo do darmowych przejazd\u00f3w komunikacj\u0105 miejsk\u0105 wraz z przewodnikiem. Nale\u017cy podkre\u015bli\u0107, \u017ce na terenie ka\u017cdego miasta w Polsce kwestia honorowania legitymacji PZN mo\u017ce wygl\u0105da\u0107 inaczej. Legitymacja jest r\u00f3wnie\u017c honorowana przy udokumentowaniu prawa do zwolnienia z op\u0142at abonamentowych oraz zwolnienia z op\u0142aty klimatycznej.<br><br><\/p>\n<\/div>\n<\/div>\n","protected":false},"excerpt":{"rendered":"<p>POLSKI ZWI\u0104ZEK NIEWIDOMYCHOKR\u0118G POMORSKIORGANIZACJA PO\u017bYTKU PUBLICZNEGOadres siedziby Okr\u0119guul. Jesionowa 1080-261 Gda\u0144skKRS 0000099691konto: Bank Millenium96 1160 2202 0000 0000 2787 7555<\/p>\n","protected":false},"author":4,"featured_media":0,"parent":0,"menu_order":0,"comment_status":"closed","ping_status":"closed","template":"","meta":{"colormag_page_layout":"right_sidebar","footnotes":""},"class_list":["post-35","page","type-page","status-publish","hentry"],"_links":{"self":[{"href":"http:\/\/pomorskipzn.pl\/index.php?rest_route=\/wp\/v2\/pages\/35","targetHints":{"allow":["GET"]}}],"collection":[{"href":"http:\/\/pomorskipzn.pl\/index.php?rest_route=\/wp\/v2\/pages"}],"about":[{"href":"http:\/\/pomorskipzn.pl\/index.php?rest_route=\/wp\/v2\/types\/page"}],"author":[{"embeddable":true,"href":"http:\/\/pomorskipzn.pl\/index.php?rest_route=\/wp\/v2\/users\/4"}],"replies":[{"embeddable":true,"href":"http:\/\/pomorskipzn.pl\/index.php?rest_route=%2Fwp%2Fv2%2Fcomments&post=35"}],"version-history":[{"count":15,"href":"http:\/\/pomorskipzn.pl\/index.php?rest_route=\/wp\/v2\/pages\/35\/revisions"}],"predecessor-version":[{"id":1283,"href":"http:\/\/pomorskipzn.pl\/index.php?rest_route=\/wp\/v2\/pages\/35\/revisions\/1283"}],"wp:attachment":[{"href":"http:\/\/pomorskipzn.pl\/index.php?rest_route=%2Fwp%2Fv2%2Fmedia&parent=35"}],"curies":[{"name":"wp","href":"https:\/\/api.w.org\/{rel}","templated":true}]}}