{"id":43,"date":"2023-03-12T13:29:25","date_gmt":"2023-03-12T12:29:25","guid":{"rendered":"http:\/\/www.pomorskipzn.org.pl\/?page_id=43"},"modified":"2025-07-18T13:37:45","modified_gmt":"2025-07-18T11:37:45","slug":"dostepnosc","status":"publish","type":"page","link":"http:\/\/pomorskipzn.pl\/?page_id=43","title":{"rendered":"Dost\u0119pno\u015b\u0107"},"content":{"rendered":"\n<div class=\"wp-block-group is-layout-constrained wp-block-group-is-layout-constrained\">\n<h2 class=\"wp-block-heading\">Deklaracja dost\u0119pno\u015bci cyfrowej<\/h2>\n\n\n\n<p>Okr\u0119g Pomorski Polskiego Zwi\u0105zku Niewidomych zobowi\u0105zuje si\u0119 zapewni\u0107 dost\u0119pno\u015b\u0107 swojej strony internetowej zgodnie z przepisami ustawy z dnia 4 kwietnia 2019 r. o dost\u0119pno\u015bci cyfrowej stron internetowych i aplikacji mobilnych podmiot\u00f3w publicznych.<\/p>\n\n\n\n<h3 class=\"wp-block-heading\">Status zgodno\u015bci<\/h3>\n\n\n\n<p>Strona internetowa jest <strong>zgodna z ustaw\u0105 z dnia 4 kwietnia 2019 r.<\/strong> o dost\u0119pno\u015bci cyfrowej stron internetowych i aplikacji mobilnych podmiot\u00f3w publicznych. Spe\u0142nia wymagania <strong>standardu WCAG 2.1 na poziomie AA<\/strong>.<\/p>\n\n\n\n<h3 class=\"wp-block-heading\">Data publikacji i aktualizacji<\/h3>\n\n\n\n<ul class=\"wp-block-list\">\n<li>Data publikacji strony internetowej: <strong>01.01.2015<\/strong><\/li>\n\n\n\n<li>Data ostatniej istotnej aktualizacji: <strong>18.07.2025<\/strong><\/li>\n\n\n\n<li>Data sporz\u0105dzenia deklaracji: <strong>18.07.2025<\/strong><\/li>\n\n\n\n<li>Deklaracj\u0119 sporz\u0105dzono na podstawie samooceny przeprowadzonej przez podmiot.<\/li>\n<\/ul>\n\n\n\n<hr class=\"wp-block-separator has-alpha-channel-opacity\"\/>\n\n\n\n<h2 class=\"wp-block-heading\">Informacje zwrotne i dane kontaktowe<\/h2>\n\n\n\n<p>W przypadku problem\u00f3w z dost\u0119pno\u015bci\u0105 strony internetowej prosimy o skorzystanie z formularza kontaktowego dost\u0119pnego pod adresem:<br>\ud83d\udc49 <a class=\"\" href=\"http:\/\/pomorskipzn.pl\/?page_id=676\">http:\/\/pomorskipzn.pl\/?page_id=676<\/a><\/p>\n\n\n\n<p>Ka\u017cdy ma prawo:<\/p>\n\n\n\n<ul class=\"wp-block-list\">\n<li>zg\u0142osi\u0107 uwagi dotycz\u0105ce dost\u0119pno\u015bci cyfrowej strony lub jej elementu,<\/li>\n\n\n\n<li>za\u017c\u0105da\u0107 zapewnienia dost\u0119pno\u015bci cyfrowej strony lub jej elementu,<\/li>\n\n\n\n<li>wnioskowa\u0107 o udost\u0119pnienie informacji w innej, alternatywnej formie.<\/li>\n<\/ul>\n\n\n\n<p>\u017b\u0105danie powinno zawiera\u0107:<\/p>\n\n\n\n<ul class=\"wp-block-list\">\n<li>dane kontaktowe osoby zg\u0142aszaj\u0105cej,<\/li>\n\n\n\n<li>wskazanie, kt\u00f3rej strony lub elementu dotyczy,<\/li>\n\n\n\n<li>spos\u00f3b, w jaki osoba zg\u0142aszaj\u0105ca chcia\u0142aby otrzyma\u0107 dost\u0119p do informacji.<\/li>\n<\/ul>\n\n\n\n<p>Zg\u0142oszenia b\u0119d\u0105 realizowane <strong>niezw\u0142ocznie<\/strong>, najp\u00f3\u017aniej w ci\u0105gu 7 dni. Je\u015bli realizacja w tym terminie nie b\u0119dzie mo\u017cliwa, poinformujemy o przyczynach op\u00f3\u017anienia oraz o terminie, w jakim realizacja b\u0119dzie mo\u017cliwa (nie d\u0142u\u017cszym ni\u017c 2 miesi\u0105ce).<\/p>\n\n\n\n<hr class=\"wp-block-separator has-alpha-channel-opacity\"\/>\n\n\n\n<h2 class=\"wp-block-heading\">Skargi i odwo\u0142ania<\/h2>\n\n\n\n<p>W przypadku, gdy podmiot odm\u00f3wi realizacji \u017c\u0105dania zapewnienia dost\u0119pno\u015bci lub udost\u0119pnienia alternatywnego sposobu dost\u0119pu, mo\u017cna z\u0142o\u017cy\u0107 skarg\u0119 do Rzecznika Praw Obywatelskich:<br>\ud83d\udd17 <a class=\"\" href=\"https:\/\/www.rpo.gov.pl\">https:\/\/www.rpo.gov.pl<\/a><\/p>\n\n\n\n<h3 class=\"wp-block-heading\"> Dost\u0119pno\u015b\u0107 architektoniczna <\/h3>\n\n\n\n<p>Polski Zwi\u0105zek Niewidomych Okr\u0119g Pomorski stara si\u0119 zapewni\u0107<br>\ndost\u0119pno\u015b\u0107 architektoniczn\u0105 zgodnie z przepisami ustawy z dnia 19 07 2019<br>\nroku o zapewnieniu dost\u0119pno\u015bci osobom ze szczeg\u00f3lnymi potrzebami.<br>\nSiedziba naszego stowarzyszenia mie\u015bci si\u0119 przy ul. Jesionowe w Gda\u0144sku<br>\nWrzeszczu. Wej\u015bcie do budynku znajduje si\u0119 od ul. Partyzant\u00f3w. W pobli\u017cu<br>\nbudynku przej\u015bcia dla pieszych s\u0105 wyposa\u017cone w sygnalizacj\u0119 d\u017awi\u0119kow\u0105.<br>\nStowarzyszenie nasze znajduje si\u0119 na parterze, tak\u017ce dost\u0119pne jest dla os\u00f3b<br>\nna w\u00f3zku inwalidzkim. Wszystkie pomieszczenia znajduj\u0105 si\u0119 na jednym<br>\npoziomie, do kt\u00f3rych wej\u015bcia prowadz\u0105 bezpo\u015brednio ze \u015bwietlicy, kt\u00f3ra jest<br>\ng\u0142\u00f3wnym pomieszczeniem dla naszych beneficjent\u00f3w. Jednak niestety brak u<br>\nnas toalety dla os\u00f3b na w\u00f3zkach inwalidzkich \u2013 stare budownictwo bez<br>\nmo\u017cliwo\u015bci przebudowy. Do budynku mo\u017cna wej\u015b\u0107 z psem przewodnikiem<br>\nlub z psem asystuj\u0105cym. Nie posiadamy p\u0119tli indukcyjnej.\n<\/p>\n<\/div>\n","protected":false},"excerpt":{"rendered":"<p>Deklaracja dost\u0119pno\u015bci cyfrowej Okr\u0119g Pomorski Polskiego Zwi\u0105zku Niewidomych zobowi\u0105zuje si\u0119 zapewni\u0107 dost\u0119pno\u015b\u0107 swojej strony internetowej zgodnie z przepisami ustawy z<\/p>\n","protected":false},"author":4,"featured_media":0,"parent":0,"menu_order":0,"comment_status":"closed","ping_status":"closed","template":"","meta":{"colormag_page_layout":"right_sidebar","footnotes":""},"class_list":["post-43","page","type-page","status-publish","hentry"],"_links":{"self":[{"href":"http:\/\/pomorskipzn.pl\/index.php?rest_route=\/wp\/v2\/pages\/43","targetHints":{"allow":["GET"]}}],"collection":[{"href":"http:\/\/pomorskipzn.pl\/index.php?rest_route=\/wp\/v2\/pages"}],"about":[{"href":"http:\/\/pomorskipzn.pl\/index.php?rest_route=\/wp\/v2\/types\/page"}],"author":[{"embeddable":true,"href":"http:\/\/pomorskipzn.pl\/index.php?rest_route=\/wp\/v2\/users\/4"}],"replies":[{"embeddable":true,"href":"http:\/\/pomorskipzn.pl\/index.php?rest_route=%2Fwp%2Fv2%2Fcomments&post=43"}],"version-history":[{"count":3,"href":"http:\/\/pomorskipzn.pl\/index.php?rest_route=\/wp\/v2\/pages\/43\/revisions"}],"predecessor-version":[{"id":1456,"href":"http:\/\/pomorskipzn.pl\/index.php?rest_route=\/wp\/v2\/pages\/43\/revisions\/1456"}],"wp:attachment":[{"href":"http:\/\/pomorskipzn.pl\/index.php?rest_route=%2Fwp%2Fv2%2Fmedia&parent=43"}],"curies":[{"name":"wp","href":"https:\/\/api.w.org\/{rel}","templated":true}]}}