{"id":49,"date":"2023-03-12T13:35:48","date_gmt":"2023-03-12T12:35:48","guid":{"rendered":"http:\/\/www.pomorskipzn.org.pl\/?page_id=49"},"modified":"2025-05-27T13:36:07","modified_gmt":"2025-05-27T11:36:07","slug":"15-2","status":"publish","type":"page","link":"http:\/\/pomorskipzn.pl\/?page_id=49","title":{"rendered":"1,5%"},"content":{"rendered":"<p>\nPom\u00f3\u017c nam pomaga\u0107. Przeka\u017c 1,5 % swojego podatku<br \/>\nKRS 0000042049 z dopiskiem \u201eOkr\u0119g Pomorski\u201d<\/p>\n","protected":false},"excerpt":{"rendered":"<p>Pom\u00f3\u017c nam pomaga\u0107. Przeka\u017c 1,5 % swojego podatku KRS 0000042049 z dopiskiem \u201eOkr\u0119g Pomorski\u201d<\/p>\n","protected":false},"author":4,"featured_media":0,"parent":0,"menu_order":0,"comment_status":"closed","ping_status":"closed","template":"","meta":{"colormag_page_layout":"right_sidebar","footnotes":""},"class_list":["post-49","page","type-page","status-publish","hentry"],"_links":{"self":[{"href":"http:\/\/pomorskipzn.pl\/index.php?rest_route=\/wp\/v2\/pages\/49","targetHints":{"allow":["GET"]}}],"collection":[{"href":"http:\/\/pomorskipzn.pl\/index.php?rest_route=\/wp\/v2\/pages"}],"about":[{"href":"http:\/\/pomorskipzn.pl\/index.php?rest_route=\/wp\/v2\/types\/page"}],"author":[{"embeddable":true,"href":"http:\/\/pomorskipzn.pl\/index.php?rest_route=\/wp\/v2\/users\/4"}],"replies":[{"embeddable":true,"href":"http:\/\/pomorskipzn.pl\/index.php?rest_route=%2Fwp%2Fv2%2Fcomments&post=49"}],"version-history":[{"count":1,"href":"http:\/\/pomorskipzn.pl\/index.php?rest_route=\/wp\/v2\/pages\/49\/revisions"}],"predecessor-version":[{"id":1254,"href":"http:\/\/pomorskipzn.pl\/index.php?rest_route=\/wp\/v2\/pages\/49\/revisions\/1254"}],"wp:attachment":[{"href":"http:\/\/pomorskipzn.pl\/index.php?rest_route=%2Fwp%2Fv2%2Fmedia&parent=49"}],"curies":[{"name":"wp","href":"https:\/\/api.w.org\/{rel}","templated":true}]}}