{"id":539,"date":"2024-03-25T15:04:39","date_gmt":"2024-03-25T14:04:39","guid":{"rendered":"http:\/\/pomorskipzn.pl\/?page_id=539"},"modified":"2025-06-20T16:28:45","modified_gmt":"2025-06-20T14:28:45","slug":"pracownicy-okregu","status":"publish","type":"page","link":"http:\/\/pomorskipzn.pl\/?page_id=539","title":{"rendered":"PRACOWNICY OKR\u0118GU"},"content":{"rendered":"\n<!-- Punkt docelowy dla \"Przejd\u017a do tre\u015bci\" -->\n<div id=\"main\" tabindex=\"-1\" style=\"position: relative;\"><\/div>\n\n\n\n<h2 class=\"wp-block-heading\"><strong>ZARZ\u0104D OKR\u0118GU<\/strong><\/h2>\n\n\n\n<h3 class=\"wp-block-heading\"><strong>PREZES OKR\u0118GU<\/strong><\/h3>\n\n\n\n<p><strong>Jacek Stargeck<span style=\"mso-spacerun:yes\">i<\/span><\/strong><\/p>\n\n\n\n<p>tel. <a href=\"http:\/\/pomorskipzn.pl\/?page_id=85\" data-type=\"page\" data-id=\"85\">519&nbsp;153&nbsp;957,<\/a><\/p>\n\n\n\n<p>email: <a href=\"mailto:jacek.stargecki@gmail.com\">jacek.stargecki@gmail.com<\/a><\/p>\n\n\n\n<h3 class=\"wp-block-heading\"><strong>DYREKTOR I WICEPREZES OKR\u0118GU<\/strong><\/h3>\n\n\n\n<p><strong>Krystyna Dziobek<\/strong><\/p>\n\n\n\n<p>tel. <a href=\"http:\/\/724&nbsp;888&nbsp;821\">724&nbsp;888&nbsp;821<\/a>,&nbsp;&nbsp; <\/p>\n\n\n\n<p>email:<a href=\"mailto:kdziobek57@gmail.com\">kdziobek57@gmail.com<\/a><\/p>\n\n\n\n<div class=\"wp-block-group is-layout-constrained wp-block-group-is-layout-constrained\">\n<h3 class=\"wp-block-heading\"><strong>WICEPREZES OKR\u0118GU<\/strong><\/h3>\n\n\n\n<p><strong>Izabela Mirynowska&nbsp;<\/strong><\/p>\n\n\n\n<p> &nbsp;tel. <a href=\"http:\/\/601&nbsp;583&nbsp;538\">601&nbsp;583&nbsp;538<\/a><\/p>\n\n\n\n<p>email: <a href=\"mailto:koordynatorpzn@wp.pl\">koordynatorpzn@wp.pl<\/a><\/p>\n<\/div>\n\n\n\n<div class=\"wp-block-group is-layout-constrained wp-block-group-is-layout-constrained\">\n<div class=\"wp-block-group is-layout-constrained wp-block-group-is-layout-constrained\">\n<h3 class=\"wp-block-heading\"><strong>WICEPREZES OKR\u0118GU<\/strong><\/h3>\n\n\n\n<p><strong>Ewa Redzimska<\/strong><\/p>\n\n\n\n<p>tel. <a href=\"http:\/\/606 263&nbsp;390\">606 263&nbsp;390<\/a><\/p>\n\n\n\n<p>email: <a href=\"mailto:ewared@onet.eu\">ewared@onet.eu<\/a><\/p>\n<\/div>\n<\/div>\n\n\n\n<h3 class=\"wp-block-heading\"><strong>WICEPREZES OKR\u0118GU<\/strong><\/h3>\n\n\n\n<p><strong>Brygida Tarnowska<\/strong><\/p>\n\n\n\n<p>tel. <a href=\"http:\/\/724&nbsp;888&nbsp;840\">724&nbsp;888&nbsp;840<\/a><\/p>\n\n\n\n<p>email: <a href=\"mailto:pznpuck@wp.pl\">pznpuck@wp.pl<\/a><\/p>\n\n\n\n<h2 class=\"wp-block-heading\"><strong>PRACOWNICY OKR\u0118GU<\/strong><\/h2>\n\n\n\n<div class=\"wp-block-group is-layout-constrained wp-block-group-is-layout-constrained\">\n<div class=\"wp-block-group is-layout-constrained wp-block-group-is-layout-constrained\">\n<h3 class=\"wp-block-heading\"><strong>PRACOWNIK DS. SAMORZ\u0104DOWO \u2013 ORGANIZACYJNYCH<\/strong><\/h3>\n\n\n\n<p><strong>Monika Chocholewska<\/strong><\/p>\n\n\n\n<p>tel. <a href=\"http:\/\/724&nbsp;888&nbsp;820\">724&nbsp;888&nbsp;820 <\/a><\/p>\n\n\n\n<p><a href=\"http:\/\/58&nbsp;341 26 83,\">58&nbsp;341 26 83<\/a><\/p>\n\n\n\n<p>email: <a href=\"mailto:pomorski@pzn.org.pl\">pomorski@pzn.org.pl<\/a><\/p>\n<\/div>\n<\/div>\n\n\n\n<div class=\"wp-block-group is-layout-constrained wp-block-group-is-layout-constrained\">\n<h3 class=\"wp-block-heading\">G\u0141\u00d3WNA KSI\u0118GOWA<\/h3>\n\n\n\n<p><strong>Monika Domagalska \u2013 Ili\u0144ska<\/strong><\/p>\n\n\n\n<p>tel.<a href=\"http:\/\/724 888&nbsp;825,\">724 888&nbsp;825, <\/a><\/p>\n\n\n\n<p>email:<a href=\"mailto:ksiegowosc@pomorskipzn.pl\">ksiegowosc@pomorskipzn.pl<\/a><\/p>\n<\/div>\n\n\n\n<h3 class=\"wp-block-heading\">INSTRUKTOR CZYNNO\u015aCI DNIA<\/h3>\n\n\n\n<p><strong>Krystyna Dziobek<\/strong><\/p>\n\n\n\n<p>tel.&nbsp; <a href=\"http:\/\/724&nbsp;888&nbsp;821,\">724&nbsp;888&nbsp;821, <\/a><\/p>\n\n\n\n<p>email: <a href=\"mailto:kdziobek57@gmail.com\">kdziobek57@gmail.com<\/a><\/p>\n\n\n\n<h3 class=\"wp-block-heading\">INSTRUKTOR ORIENTACJI PRZESTRZENNEJ I  CZYNNO\u015aCI DNIA <\/h3>\n\n\n\n<p><strong>Karolina Grudzie\u0144<\/strong><\/p>\n\n\n\n<p>tel. <a href=\"http:\/\/58&nbsp;341 26 83\">58&nbsp;341 26 83 <\/a><\/p>\n\n\n\n<p>email: <a href=\"mailto:karolina.dziobek@gmail.com\">karolina.dziobek@gmail.com<\/a><\/p>\n\n\n\n<h3 class=\"wp-block-heading\">TYFLOPEDAGOG, REHABILITACJA DZIECI<\/h3>\n\n\n\n<p><strong>Magdalena Korewa- \u0141ubniewska&nbsp;&nbsp;&nbsp;<\/strong><\/p>\n\n\n\n<p>tel. <a href=\"mkorewalub@gmail.com\">724&nbsp;888&nbsp;823, <\/a><\/p>\n\n\n\n<p>email: <a href=\"mailto:mkorewalub@gmail.com\">mkorewalub@gmail.com<\/a><\/p>\n\n\n\n<h3 class=\"wp-block-heading\">INSTRUKTOR ORIENTACJI PRZESTRZENNEJ I  CZYNNO\u015aCI DNIA <\/h3>\n\n\n\n<p><strong>Hanna Mazur<\/strong><\/p>\n\n\n\n<p>tel. <a href=\"http:\/\/724&nbsp;888&nbsp;827,\">724&nbsp;888&nbsp;827, <\/a><\/p>\n\n\n\n<p>email: <a href=\"mailto:hanna.mazur@pomorskipzn.pl\">hanna.mazur@pomorskipzn.pl<\/a><\/p>\n","protected":false},"excerpt":{"rendered":"<p>ZARZ\u0104D OKR\u0118GU PREZES OKR\u0118GU Jacek Stargecki tel. 519&nbsp;153&nbsp;957, email: jacek.stargecki@gmail.com DYREKTOR I WICEPREZES OKR\u0118GU Krystyna Dziobek tel. 724&nbsp;888&nbsp;821,&nbsp;&nbsp; email:kdziobek57@gmail.com WICEPREZES<\/p>\n","protected":false},"author":4,"featured_media":0,"parent":0,"menu_order":0,"comment_status":"closed","ping_status":"closed","template":"","meta":{"colormag_page_layout":"right_sidebar","footnotes":""},"class_list":["post-539","page","type-page","status-publish","hentry"],"_links":{"self":[{"href":"http:\/\/pomorskipzn.pl\/index.php?rest_route=\/wp\/v2\/pages\/539","targetHints":{"allow":["GET"]}}],"collection":[{"href":"http:\/\/pomorskipzn.pl\/index.php?rest_route=\/wp\/v2\/pages"}],"about":[{"href":"http:\/\/pomorskipzn.pl\/index.php?rest_route=\/wp\/v2\/types\/page"}],"author":[{"embeddable":true,"href":"http:\/\/pomorskipzn.pl\/index.php?rest_route=\/wp\/v2\/users\/4"}],"replies":[{"embeddable":true,"href":"http:\/\/pomorskipzn.pl\/index.php?rest_route=%2Fwp%2Fv2%2Fcomments&post=539"}],"version-history":[{"count":6,"href":"http:\/\/pomorskipzn.pl\/index.php?rest_route=\/wp\/v2\/pages\/539\/revisions"}],"predecessor-version":[{"id":1303,"href":"http:\/\/pomorskipzn.pl\/index.php?rest_route=\/wp\/v2\/pages\/539\/revisions\/1303"}],"wp:attachment":[{"href":"http:\/\/pomorskipzn.pl\/index.php?rest_route=%2Fwp%2Fv2%2Fmedia&parent=539"}],"curies":[{"name":"wp","href":"https:\/\/api.w.org\/{rel}","templated":true}]}}