{"id":676,"date":"2024-06-24T12:18:51","date_gmt":"2024-06-24T10:18:51","guid":{"rendered":"http:\/\/pomorskipzn.pl\/?page_id=676"},"modified":"2025-05-27T13:38:29","modified_gmt":"2025-05-27T11:38:29","slug":"kontakt-z-administratorem","status":"publish","type":"page","link":"http:\/\/pomorskipzn.pl\/?page_id=676","title":{"rendered":"Kontakt z administratorem"},"content":{"rendered":"\n<div class=\"wp-block-group has-white-color has-black-background-color has-text-color has-background has-link-color wp-elements-f962bf6752eb27ae5a8cbaa6fc7ec5d1 is-layout-constrained wp-container-core-group-is-layout-cc6471b1 wp-block-group-is-layout-constrained\">\n<div class=\"wp-block-contact-form-7-contact-form-selector\">\n<div class=\"wpcf7 no-js\" id=\"wpcf7-f675-o1\" lang=\"pl-PL\" dir=\"ltr\" data-wpcf7-id=\"675\">\n<div class=\"screen-reader-response\"><p role=\"status\" aria-live=\"polite\" aria-atomic=\"true\"><\/p> <ul><\/ul><\/div>\n<form action=\"\/index.php?rest_route=%2Fwp%2Fv2%2Fpages%2F676#wpcf7-f675-o1\" method=\"post\" class=\"wpcf7-form init\" aria-label=\"Formularz kontaktowy\" enctype=\"multipart\/form-data\" novalidate=\"novalidate\" data-status=\"init\">\n<fieldset class=\"hidden-fields-container\"><input type=\"hidden\" name=\"_wpcf7\" value=\"675\" \/><input type=\"hidden\" name=\"_wpcf7_version\" value=\"6.1.5\" \/><input type=\"hidden\" name=\"_wpcf7_locale\" value=\"pl_PL\" \/><input type=\"hidden\" name=\"_wpcf7_unit_tag\" value=\"wpcf7-f675-o1\" \/><input type=\"hidden\" name=\"_wpcf7_container_post\" value=\"0\" \/><input type=\"hidden\" name=\"_wpcf7_posted_data_hash\" value=\"\" \/>\n<\/fieldset>\n<p><label>Wybierz temat<\/label><br \/>\n<span class=\"wpcf7-form-control-wrap\" data-name=\"menu-339\"><select class=\"wpcf7-form-control wpcf7-select wpcf7-validates-as-required\" aria-required=\"true\" aria-invalid=\"false\" name=\"menu-339\"><option value=\"\">&#8212;Prosz\u0119 wybra\u0107 opcj\u0119&#8212;<\/option><option value=\"B\u0142\u0105d na stronie\">B\u0142\u0105d na stronie<\/option><option value=\"Aktualizacja danych\">Aktualizacja danych<\/option><option value=\"Artyku\u0142 na stronie\">Artyku\u0142 na stronie<\/option><\/select><\/span><br \/>\n<label>Adres e-mail<\/label><br \/>\n<span class=\"wpcf7-form-control-wrap\" data-name=\"email-152\"><input size=\"40\" maxlength=\"400\" class=\"wpcf7-form-control wpcf7-email wpcf7-text wpcf7-validates-as-email\" aria-invalid=\"false\" value=\"\" type=\"email\" name=\"email-152\" \/><\/span><br \/>\n<label>Numer telefonu<\/label><br \/>\n<span class=\"wpcf7-form-control-wrap\" data-name=\"tel-916\"><input size=\"40\" maxlength=\"400\" class=\"wpcf7-form-control wpcf7-tel wpcf7-text wpcf7-validates-as-tel\" aria-invalid=\"false\" value=\"\" type=\"tel\" name=\"tel-916\" \/><\/span><br \/>\n<label>Tre\u015b\u0107 wiadomo\u015bci <\/label><br \/>\n<span class=\"wpcf7-form-control-wrap\" data-name=\"textarea-980\"><textarea cols=\"40\" rows=\"10\" maxlength=\"2000\" class=\"wpcf7-form-control wpcf7-textarea wpcf7-validates-as-required\" aria-required=\"true\" aria-invalid=\"false\" name=\"textarea-980\"><\/textarea><\/span><br \/>\n<label>Dodaj plik<\/label><br \/>\n<span class=\"wpcf7-form-control-wrap\" data-name=\"file-344\"><input size=\"40\" class=\"wpcf7-form-control wpcf7-file\" accept=\"audio\/*,video\/*,image\/*\" aria-invalid=\"false\" type=\"file\" name=\"file-344\" \/><\/span><br \/>\n<label>Wyra\u017cenie zgody jest obowi\u0105zkowe<\/label><br \/>\n<span class=\"wpcf7-form-control-wrap\" data-name=\"acceptance-566\"><span class=\"wpcf7-form-control wpcf7-acceptance\"><span class=\"wpcf7-list-item\"><label><input type=\"checkbox\" name=\"acceptance-566\" value=\"1\" aria-invalid=\"false\" \/><span class=\"wpcf7-list-item-label\">Wyra\u017cam zgod\u0119 na przetwarzanie moich danych osobowych przez administratora strony w celu nawi\u0105zania kontaktu oraz odpowiedzi na moje zapytanie przes\u0142ane za po\u015brednictwem formularza kontaktowego.  Zosta\u0142em poinformowany, \u017ce moje dane osobowe b\u0119d\u0105 przetwarzane zgodnie z obowi\u0105zuj\u0105cymi przepisami prawa, w tym z Rozporz\u0105dzeniem Parlamentu Europejskiego i Rady (UE) 2016\/679 z dnia 27 kwietnia 2016 r. (RODO).  Przyjmuj\u0119 do wiadomo\u015bci, \u017ce mam prawo dost\u0119pu do tre\u015bci moich danych, ich poprawiania, usuni\u0119cia, ograniczenia przetwarzania, przenoszenia danych, a tak\u017ce prawo do wniesienia sprzeciwu oraz skargi do organu nadzorczego.  Podanie danych osobowych jest dobrowolne, jednak\u017ce niezb\u0119dne do realizacji celu kontaktu.<\/span><\/label><\/span><\/span><\/span>\n<\/p>\n<p><input class=\"wpcf7-form-control wpcf7-submit has-spinner\" type=\"submit\" value=\"Wy\u015blij\" \/>\n<\/p><p style=\"display: none !important;\" class=\"akismet-fields-container\" data-prefix=\"_wpcf7_ak_\"><label>&#916;<textarea name=\"_wpcf7_ak_hp_textarea\" cols=\"45\" rows=\"8\" maxlength=\"100\"><\/textarea><\/label><input type=\"hidden\" id=\"ak_js_1\" name=\"_wpcf7_ak_js\" value=\"25\"\/><script>document.getElementById( \"ak_js_1\" ).setAttribute( \"value\", ( new Date() ).getTime() );<\/script><\/p><div class=\"wpcf7-response-output\" aria-hidden=\"true\"><\/div>\n<\/form>\n<\/div>\n<\/div>\n<\/div>\n\n\n\n<p><\/p>\n","protected":false},"excerpt":{"rendered":"","protected":false},"author":4,"featured_media":0,"parent":0,"menu_order":0,"comment_status":"closed","ping_status":"closed","template":"","meta":{"colormag_page_layout":"right_sidebar","footnotes":""},"class_list":["post-676","page","type-page","status-publish","hentry"],"_links":{"self":[{"href":"http:\/\/pomorskipzn.pl\/index.php?rest_route=\/wp\/v2\/pages\/676","targetHints":{"allow":["GET"]}}],"collection":[{"href":"http:\/\/pomorskipzn.pl\/index.php?rest_route=\/wp\/v2\/pages"}],"about":[{"href":"http:\/\/pomorskipzn.pl\/index.php?rest_route=\/wp\/v2\/types\/page"}],"author":[{"embeddable":true,"href":"http:\/\/pomorskipzn.pl\/index.php?rest_route=\/wp\/v2\/users\/4"}],"replies":[{"embeddable":true,"href":"http:\/\/pomorskipzn.pl\/index.php?rest_route=%2Fwp%2Fv2%2Fcomments&post=676"}],"version-history":[{"count":7,"href":"http:\/\/pomorskipzn.pl\/index.php?rest_route=\/wp\/v2\/pages\/676\/revisions"}],"predecessor-version":[{"id":1258,"href":"http:\/\/pomorskipzn.pl\/index.php?rest_route=\/wp\/v2\/pages\/676\/revisions\/1258"}],"wp:attachment":[{"href":"http:\/\/pomorskipzn.pl\/index.php?rest_route=%2Fwp%2Fv2%2Fmedia&parent=676"}],"curies":[{"name":"wp","href":"https:\/\/api.w.org\/{rel}","templated":true}]}}