{"id":84,"date":"2023-03-12T13:32:50","date_gmt":"2023-03-12T12:32:50","guid":{"rendered":"http:\/\/www.pomorskipzn.org.pl\/?page_id=45"},"modified":"2025-06-20T16:41:36","modified_gmt":"2025-06-20T14:41:36","slug":"rodo","status":"publish","type":"page","link":"http:\/\/pomorskipzn.pl\/?page_id=84","title":{"rendered":"Rodo"},"content":{"rendered":"\n<p>\nKLAUZULA INFORMACYJNA O PRZETWARZANIU DANYCH OSOBOWYCH<br>\nI Administrator danych osobowych<br>\nPOLSKI ZWI\u0104ZEK NIEWIDOMYCH OKR\u0118G pomorski  adres: ul. Jesionowa 10, 80-261 Gda\u0144sk do Rejestru Stowarzysze\u0144 KRS prowadzonego przez S\u0104D REJONOWY GDA\u0143SK P\u00d3\u0141NOC W GDA\u0143SKU VII WYDZIA\u0141 GOSPODARCZY KRAJOWEGO REJESTRU S\u0104DOWEGO pod numerem 0000099691, NIP: &nbsp;957-08-23-766, REGON:192667695  tel., 58&nbsp;341 29 83 &nbsp;, &nbsp;www  , e-mail: pomorski@pzn.org.pl.\n<\/p>\n\n\n\n<p><\/p>\n\n\n\n<h2 class=\"wp-block-heading\"> II Inspektor ochrony danych osobowych <\/h2>\n\n\n\n<p>Nie dotyczy.\n<\/p>\n\n\n\n<p><\/p>\n\n\n\n<h2 class=\"wp-block-heading\"> III Cel i podstawa prawna przetwarzania danych osobowych <\/h2>\n\n\n\n<p>Administrator przetwarza dane osobowe na podstawie przes\u0142anek wynikaj\u0105cych z art. 6 i 9 Og\u00f3lnego Rozporz\u0105dzenia Parlamentu Europejskiego i Rady o ochronie danych osobowych z dnia 27 kwietnia 2016 r. nr 2016\/679<br>\nAdministrator danych osobowych przetwarza dane osobowe cz\u0142onk\u00f3w stowarzyszenia w&nbsp;celach:<br>\n    1. &nbsp;przyst\u0105pienia nowych cz\u0142onk\u00f3w stowarzyszenia do Polskiego Zwi\u0105zku Niewidomych Okr\u0119gu Wielkopolskiego i realizacji cel\u00f3w statutowych stowarzyszenia podejmowanych wobec jego cz\u0142onk\u00f3w, prowadzenia ewidencji cz\u0142onk\u00f3w stowarzyszenia, prowadzenia ewidencji cz\u0142onk\u00f3w stowarzyszenia zwi\u0105zanej z&nbsp;uiszczaniem przez nich sk\u0142adek cz\u0142onkowskich, kontaktowania si\u0119 z&nbsp;cz\u0142onkami stowarzyszenia \u2013 przetwarzanie w tym zakresie jest niezb\u0119dne do realizacji dzia\u0142a\u0144 statutowych stowarzyszenia na rzecz jego cz\u0142onk\u00f3w na podstawie ich deklaracji przyst\u0105pienia do stowarzyszenia oraz na podstawie wyra\u017conej przez nich zgody, tak\u017ce w&nbsp;zakresie danych dotycz\u0105cych ich stanu zdrowia i niepe\u0142nosprawno\u015bci (art. 6 ust. 1a i&nbsp;1b oraz art. 9 ust. 2a i 2d RODO);<br>\n    2. podatkowych i rachunkowych \u2013 przetwarzanie w tym zakresie jest niezb\u0119dne do wype\u0142nienia obowi\u0105zku prawnego ci\u0105\u017c\u0105cego na&nbsp;administratorze (art.&nbsp;6&nbsp;ust.&nbsp;1&nbsp;c RODO);<br>\n    3. &nbsp;&nbsp;windykacji i egzekucji roszcze\u0144, prowadzenia post\u0119powa\u0144 s\u0105dowych, arbitra\u017cowych i &nbsp;mediacyjnych lub obrony przed ewentualnymi roszczeniami \u2013 przetwarzanie w tym zakresie jest niezb\u0119dne do cel\u00f3w wynikaj\u0105cych z prawnie uzasadnionych interes\u00f3w realizowanych przez administratora (art. 6 ust. 1f RODO);<br>\n    4. realizacji um\u00f3w o finansowanie dzia\u0142alno\u015bci statutowej stowarzyszenia zawartych z&nbsp;podmiotami publicznymi \u2013 na potrzeby ich rozliczenia i otrzymania dotacji \u2013 przetwarzanie w tym zakresie odbywa si\u0119 na podstawie zgody cz\u0142onk\u00f3w stowarzyszenia przyst\u0119puj\u0105cych do projekt\u00f3w realizowanych przez stowarzyszenie i jest niezb\u0119dne do wype\u0142nienia obowi\u0105zku prawnego ci\u0105\u017c\u0105cego na administratorze ( 6 ust. 1a i1c&nbsp;RODO).\n<\/p>\n\n\n\n<p><\/p>\n\n\n\n<h2 class=\"wp-block-heading\">IV Okres przechowywania danych osobowych <\/h2>\n\n\n\n<p>Dane osobowe cz\u0142onk\u00f3w stowarzyszenia b\u0119d\u0105 przetwarzane do czasu ustania ich cz\u0142onkostwa lub wycofania zgody na przetwarzanie danych osobowych, ale nie d\u0142u\u017cej ni\u017c okres przedawnienia roszcze\u0144 z&nbsp;niej wynikaj\u0105cych oraz okres konieczno\u015bci wype\u0142nienia obowi\u0105zk\u00f3w prawnych ci\u0105\u017c\u0105cych na administratorze.\n<\/p>\n\n\n\n<p><\/p>\n\n\n\n<h2 class=\"wp-block-heading\"> V Prawa zwi\u0105zane z przetwarzaniem danych osobowych i&nbsp;podejmowaniem zautomatyzowanych decyzji <\/h2>\n\n\n\n<p>    1. &nbsp;prawo wycofania zgody na przetwarzanie danych,<br>\n    2. prawo dost\u0119pu do danych osobowych;<br>\n    3. &nbsp;prawo \u017c\u0105dania sprostowania danych osobowych;<br>\n    4. prawo \u017c\u0105dania usuni\u0119cia danych osobowych;<br>\n    5. &nbsp;prawo \u017c\u0105dania ograniczenia przetwarzania danych osobowych;<br>\n    6. &nbsp;prawo wyra\u017cenia sprzeciwu wobec przetwarzania danych osobowych,<br>\n    7. prawo do przenoszenia danych osobowych;<br>\n    8. prawo wniesienia skargi do organu nadzorczego zajmuj\u0105cego si\u0119 ochron\u0105 danych osobowych.<br>\n&nbsp;Realizacja powy\u017cszych uprawnie\u0144 przez osoby, kt\u00f3rych dane osobowe s\u0105 przetwarzane mo\u017ce nast\u0105pi\u0107 poprzez skierowanie pisma na adres administratora: Polski Zwi\u0105zek Niewidomych Okr\u0119g Wielkopolski al. Niepodleg\u0142o\u015bci 29, 61-714 Pozna\u0144, b\u0105d\u017a drog\u0105 elektroniczn\u0105 na adres &nbsp;&nbsp;e-mail:&nbsp;pznowlkp@interia.pl<br>\nAdministrator ma prawo do \u017c\u0105dania podania dodatkowych informacji, pozwalaj\u0105cych mu uwierzytelni\u0107 to\u017csamo\u015b\u0107 osoby sk\u0142adaj\u0105cej wniosek.<br>\nVI Konsekwencje niepodania danych osobowych<br>\nPodanie danych osobowych stanowi warunek przyst\u0105pienia do stowarzyszenia, a ich niepodanie skutkowa\u0142o b\u0119dzie odmow\u0105 przyj\u0119cia w poczet cz\u0142onk\u00f3w stowarzyszenia.<br>\n&nbsp;VII Przekazywanie danych do pa\u0144stwa trzeciego<br>\nAdministrator nie b\u0119dzie przekazywa\u0142 danych osobowych do pa\u0144stwa trzeciego ani do organizacji mi\u0119dzynarodowych.<br>\n&nbsp;VIII Zautomatyzowane podejmowanie decyzji, profilowanie<br>\nDane osobowe nie b\u0119d\u0105 przetwarzane w spos\u00f3b zautomatyzowany i nie b\u0119d\u0105 profilowane.<br>\n&nbsp;IX Odbiorcy danych<br>\nOdbiorcami danych osobowych, je\u017celi b\u0119dzie to konieczne do wykonania umowy, b\u0119d\u0105:<br>\n    \u2022 osoby upowa\u017cnione przez administratora do przetwarzania danych osobowych:<\/p>\n\n\n\n<ul class=\"wp-block-list\">\n<li> pracownicy i wsp\u00f3\u0142pracownicy; <\/li>\n\n\n\n<li> firma \u015bwiadcz\u0105ca us\u0142ugi IT na rzecz stowarzyszenia; <\/li>\n\n\n\n<li> podmioty udzielaj\u0105ce dotacji na dzia\u0142alno\u015b\u0107 statutow\u0105 stowarzyszenia; <\/li>\n\n\n\n<li>  podmioty publiczne \u2013 w\u00a0zwi\u0105zku z realizacj\u0105 prawnych obowi\u0105zk\u00f3w ci\u0105\u017c\u0105cych na administratorze. <\/li>\n<\/ul>\n","protected":false},"excerpt":{"rendered":"<p>KLAUZULA INFORMACYJNA O PRZETWARZANIU DANYCH OSOBOWYCH I Administrator danych osobowych POLSKI ZWI\u0104ZEK NIEWIDOMYCH OKR\u0118G pomorski adres: ul. Jesionowa 10, 80-261<\/p>\n","protected":false},"author":4,"featured_media":0,"parent":0,"menu_order":0,"comment_status":"closed","ping_status":"closed","template":"","meta":{"colormag_page_layout":"right_sidebar","footnotes":""},"class_list":["post-84","page","type-page","status-publish","hentry"],"_links":{"self":[{"href":"http:\/\/pomorskipzn.pl\/index.php?rest_route=\/wp\/v2\/pages\/84","targetHints":{"allow":["GET"]}}],"collection":[{"href":"http:\/\/pomorskipzn.pl\/index.php?rest_route=\/wp\/v2\/pages"}],"about":[{"href":"http:\/\/pomorskipzn.pl\/index.php?rest_route=\/wp\/v2\/types\/page"}],"author":[{"embeddable":true,"href":"http:\/\/pomorskipzn.pl\/index.php?rest_route=\/wp\/v2\/users\/4"}],"replies":[{"embeddable":true,"href":"http:\/\/pomorskipzn.pl\/index.php?rest_route=%2Fwp%2Fv2%2Fcomments&post=84"}],"version-history":[{"count":3,"href":"http:\/\/pomorskipzn.pl\/index.php?rest_route=\/wp\/v2\/pages\/84\/revisions"}],"predecessor-version":[{"id":1309,"href":"http:\/\/pomorskipzn.pl\/index.php?rest_route=\/wp\/v2\/pages\/84\/revisions\/1309"}],"wp:attachment":[{"href":"http:\/\/pomorskipzn.pl\/index.php?rest_route=%2Fwp%2Fv2%2Fmedia&parent=84"}],"curies":[{"name":"wp","href":"https:\/\/api.w.org\/{rel}","templated":true}]}}